{"id":1111,"date":"2024-04-30T16:27:05","date_gmt":"2024-04-30T14:27:05","guid":{"rendered":"http:\/\/solidarite-humaine.local\/?page_id=1111"},"modified":"2024-04-30T16:27:05","modified_gmt":"2024-04-30T14:27:05","slug":"conditions-generales-dutilisation","status":"publish","type":"page","link":"https:\/\/solidarite-humaine.com\/index.php\/conditions-generales-dutilisation\/","title":{"rendered":"Conditions g\u00e9n\u00e9rales d&rsquo;utilisation"},"content":{"rendered":"\n<p>1 \u2013 BUT<\/p>\n\n\n\n<p>Ce site recueille les demandes d&rsquo;aide et les dons pour Alliance-Solidarit\u00e9.<\/p>\n\n\n\n<p>2 \u2013 MOYENS<\/p>\n\n\n\n<p>L\u2019Association peut entreprendre toute activit\u00e9 licite propre \u00e0 atteindre son but.<\/p>\n\n\n\n<p>3 \u2013 RESSOURCES<\/p>\n\n\n\n<p>Les ressources de l\u2019Association peuvent provenir de donations, partenariats, cotisations des Membres, ainsi que toute autre ressource l\u00e9gale.<\/p>\n\n\n\n<p>Toute personne ressentant le besoin d&rsquo;une aide administrative ou financi\u00e8re peut s&rsquo;inscrire.<\/p>\n\n\n\n<p>4 \u2013 CONDITIONS D\u2019UTILISATION<\/p>\n\n\n\n<p>Les pr\u00e9sentes conditions g\u00e9n\u00e9rales d\u2019utilisation ont pour objet de d\u00e9finir les modalit\u00e9s de mise \u00e0 disposition du Site web Solidarit\u00e9-Humaine \u00e0 l\u2019utilisateur internaute.<\/p>\n\n\n\n<p class=\"has-theme-palette-3-color has-text-color has-link-color wp-elements-18a8f75f06c9d206021cd97e77d965d8\">Site web est accessible \u00e0 l\u2019adresse : <a href=\"http:\/\/Solidarite-Humaine.com\" data-type=\"link\" data-id=\"Solidarite-Humaine.com\">solidarite-humaine.com<\/a><\/p>\n\n\n\n<p class=\"has-theme-palette-3-color has-text-color has-link-color wp-elements-2920cb8e44d28fae908231bfca6989bf\">L&rsquo;utilisateur s&rsquo;engage \u00e0 lire les  conditions g\u00e9n\u00e9rales d\u2019utilisation pr\u00e9alablement, les accepter et  \u00e0 s\u2019y conformer.<\/p>\n\n\n\n<p>L\u2019Alliance Humaine 2020 se r\u00e9serve la possibilit\u00e9 de modifier \u00e0 tout moment les pr\u00e9sentes conditions g\u00e9n\u00e9rales d\u2019utilisation afin de prendre en compte les \u00e9volutions r\u00e9glementaires et les \u00e9volutions du Site web et\/ou de son exploitation.<\/p>\n\n\n\n<p>Le Site web est accessible \u00e0 tous et est destin\u00e9 au grand public et aux professionnels sociaux oeuvrant au sein de Solidarit\u00e9-Humaine<\/p>\n\n\n\n<p>5 \u2013 CONFIDENTIALIT\u00c9 DES IDENTIFIANTS<\/p>\n\n\n\n<p><\/p>\n\n\n\n<p>L&rsquo;utilisateur communique ses informations via le formulaire de contact et  s\u2019engage \u00e0 prendre toute mesure utile pour adresser un message court sans informations confidentielles sur sa situation.<\/p>\n\n\n\n<p><\/p>\n\n\n\n<p><\/p>\n\n\n\n<p>6- FERMETURE OU SUSPENSION DU SITE<\/p>\n\n\n\n<p><\/p>\n\n\n\n<p>Le Site web est accessible gratuitement \u00e0 distance via internet, 24h\/24 et 7 jours\/7.<\/p>\n\n\n\n<p>Toutefois, Solidarit\u00e9-Humaine se r\u00e9serve le droit, sans pr\u00e9avis, ni indemnit\u00e9, de fermer temporairement ou d\u00e9finitivement le Site, notamment pour effectuer une mise \u00e0 jour, des op\u00e9rations de maintenance, des modifications ou changements sur les m\u00e9thodes op\u00e9rationnelles, les serveurs et les heures d\u2019accessibilit\u00e9, sans que cette liste ne soit limitative.<\/p>\n\n\n\n<p>Il n\u2019est donn\u00e9 au titre des conditions g\u00e9n\u00e9rales aucune garantie de performance, de disponibilit\u00e9 et d\u2019accessibilit\u00e9 du Site web.<\/p>\n\n\n\n<p>L\u2019Alliance Humaine 2020 n\u2019est pas responsable des dommages de toute nature qui peuvent r\u00e9sulter de ces changements et\/ou d\u2019une indisponibilit\u00e9 temporaire ou encore de la fermeture d\u00e9finitive de tout ou partie du Site ou des services qui y sont associ\u00e9s.<\/p>\n\n\n\n<p>7 \u2013 PROTECTION DES DONN\u00c9ES PERSONNELLES&nbsp;<\/p>\n\n\n\n<p>Le site Solidarit\u00e9-Humaine est amen\u00e9 \u00e0 traiter des donn\u00e9es personnelles. Il s\u2019engage \u00e0 respecter la r\u00e9glementation applicable \u00e0 la protection de celles-ci.&nbsp;<\/p>\n\n\n\n<p>8 \u2013 PROPRI\u00c9T\u00c9 INTELLECTUELLE<\/p>\n\n\n\n<p>Le contenu du Site web, la structure g\u00e9n\u00e9rale ainsi que les logiciels, textes, images anim\u00e9es ou non, photographies, son savoir-faire et tous les autres \u00e9l\u00e9ments composant le Site sont la propri\u00e9t\u00e9 exclusive de l\u2019Alliance Humaine 2020 ou des tiers qui lui ont conc\u00e9d\u00e9 les droits n\u00e9cessaires.<\/p>\n\n\n\n<p>&nbsp;Les signes distinctifs de l\u2019\u00e9diteur du Site et de ses partenaires, tels que les noms de domaine, marques, d\u00e9nominations ainsi que les logos figurant sur le Site sont prot\u00e9g\u00e9s.<\/p>\n\n\n\n<p>L\u2019utilisateur n\u2019est autoris\u00e9 \u00e0 consulter et reproduire les \u00e9l\u00e9ments de propri\u00e9t\u00e9 intellectuelle du Site web que dans le cadre d\u2019un usage personnel \u00e0 vis\u00e9e informationnelle, et en toute hypoth\u00e8se non commerciale. L\u2019Utilisateur est inform\u00e9 que les contenus du Site web peuvent \u00eatre cit\u00e9s sous r\u00e9serve de mentionner la source.<\/p>\n","protected":false},"excerpt":{"rendered":"<p>1 \u2013 BUT Ce site recueille les demandes d&rsquo;aide et les dons pour Alliance-Solidarit\u00e9. 2 \u2013 MOYENS L\u2019Association peut entreprendre toute activit\u00e9 licite propre \u00e0 atteindre son but. 3 \u2013 RESSOURCES Les ressources de l\u2019Association peuvent provenir de donations, partenariats, cotisations des Membres, ainsi que toute autre ressource l\u00e9gale. Toute personne ressentant le besoin d&rsquo;une&#8230;<\/p>\n","protected":false},"author":5,"featured_media":0,"parent":0,"menu_order":0,"comment_status":"closed","ping_status":"closed","template":"","meta":{"_kadence_starter_templates_imported_post":false,"_kad_post_transparent":"","_kad_post_title":"","_kad_post_layout":"","_kad_post_sidebar_id":"","_kad_post_content_style":"","_kad_post_vertical_padding":"","_kad_post_feature":"","_kad_post_feature_position":"","_kad_post_header":false,"_kad_post_footer":false,"footnotes":""},"class_list":["post-1111","page","type-page","status-publish","hentry"],"_links":{"self":[{"href":"https:\/\/solidarite-humaine.com\/index.php\/wp-json\/wp\/v2\/pages\/1111","targetHints":{"allow":["GET"]}}],"collection":[{"href":"https:\/\/solidarite-humaine.com\/index.php\/wp-json\/wp\/v2\/pages"}],"about":[{"href":"https:\/\/solidarite-humaine.com\/index.php\/wp-json\/wp\/v2\/types\/page"}],"author":[{"embeddable":true,"href":"https:\/\/solidarite-humaine.com\/index.php\/wp-json\/wp\/v2\/users\/5"}],"replies":[{"embeddable":true,"href":"https:\/\/solidarite-humaine.com\/index.php\/wp-json\/wp\/v2\/comments?post=1111"}],"version-history":[{"count":0,"href":"https:\/\/solidarite-humaine.com\/index.php\/wp-json\/wp\/v2\/pages\/1111\/revisions"}],"wp:attachment":[{"href":"https:\/\/solidarite-humaine.com\/index.php\/wp-json\/wp\/v2\/media?parent=1111"}],"curies":[{"name":"wp","href":"https:\/\/api.w.org\/{rel}","templated":true}]}}