{"id":1113,"date":"2024-04-30T16:27:49","date_gmt":"2024-04-30T14:27:49","guid":{"rendered":"http:\/\/solidarite-humaine.local\/?page_id=1113"},"modified":"2024-04-30T16:27:49","modified_gmt":"2024-04-30T14:27:49","slug":"mentions-legales","status":"publish","type":"page","link":"https:\/\/solidarite-humaine.com\/index.php\/mentions-legales\/","title":{"rendered":"Mentions l\u00e9gales"},"content":{"rendered":"\n<p>L\u2019Alliance Humaine 2020 \u2013 Solidarit\u00e9-Humaine<\/p>\n\n\n\n<p>Site h\u00e9berg\u00e9 par OVH&nbsp; &nbsp; &nbsp; https:\/\/www.ovh.com\/<\/p>\n\n\n\n<p>Sa dur\u00e9e est ind\u00e9termin\u00e9e.<\/p>\n\n\n\n<p>L\u2019Association a son si\u00e8ge 32 impasse Bajou 94230 Cachan<\/p>\n\n\n\n<p class=\"has-theme-palette-2-color has-theme-palette-9-background-color has-text-color has-background has-link-color wp-elements-e87dd779d3be2ab01c5c62957000615b\">Adresse mail\u00a0    <a href=\"mailto:contact@ah2020.org\">contact@ah2020.org<\/a><\/p>\n\n\n\n<p>Repr\u00e9sent\u00e9e par Antoine Cuttitta<\/p>\n\n\n\n<p>T\u00e9l\u00e9phone&nbsp;: 06 41 95 65 75<\/p>\n\n\n\n<p class=\"has-theme-palette-2-color has-theme-palette-9-background-color has-text-color has-background has-link-color wp-elements-31baa81d20d4b957dd98aba3ddd982ee\">antoine@ah2020.org<\/p>\n","protected":false},"excerpt":{"rendered":"<p>L\u2019Alliance Humaine 2020 \u2013 Solidarit\u00e9-Humaine Site h\u00e9berg\u00e9 par OVH&nbsp; &nbsp; &nbsp; https:\/\/www.ovh.com\/ Sa dur\u00e9e est ind\u00e9termin\u00e9e. L\u2019Association a son si\u00e8ge 32 impasse Bajou 94230 Cachan Adresse mail\u00a0 contact@ah2020.org Repr\u00e9sent\u00e9e par Antoine Cuttitta T\u00e9l\u00e9phone&nbsp;: 06 41 95 65 75 antoine@ah2020.org<\/p>\n","protected":false},"author":5,"featured_media":0,"parent":0,"menu_order":0,"comment_status":"closed","ping_status":"closed","template":"","meta":{"_kadence_starter_templates_imported_post":false,"_kad_post_transparent":"","_kad_post_title":"","_kad_post_layout":"","_kad_post_sidebar_id":"","_kad_post_content_style":"","_kad_post_vertical_padding":"","_kad_post_feature":"","_kad_post_feature_position":"","_kad_post_header":false,"_kad_post_footer":false,"footnotes":""},"class_list":["post-1113","page","type-page","status-publish","hentry"],"_links":{"self":[{"href":"https:\/\/solidarite-humaine.com\/index.php\/wp-json\/wp\/v2\/pages\/1113","targetHints":{"allow":["GET"]}}],"collection":[{"href":"https:\/\/solidarite-humaine.com\/index.php\/wp-json\/wp\/v2\/pages"}],"about":[{"href":"https:\/\/solidarite-humaine.com\/index.php\/wp-json\/wp\/v2\/types\/page"}],"author":[{"embeddable":true,"href":"https:\/\/solidarite-humaine.com\/index.php\/wp-json\/wp\/v2\/users\/5"}],"replies":[{"embeddable":true,"href":"https:\/\/solidarite-humaine.com\/index.php\/wp-json\/wp\/v2\/comments?post=1113"}],"version-history":[{"count":0,"href":"https:\/\/solidarite-humaine.com\/index.php\/wp-json\/wp\/v2\/pages\/1113\/revisions"}],"wp:attachment":[{"href":"https:\/\/solidarite-humaine.com\/index.php\/wp-json\/wp\/v2\/media?parent=1113"}],"curies":[{"name":"wp","href":"https:\/\/api.w.org\/{rel}","templated":true}]}}