{"id":520,"date":"2024-04-28T15:56:59","date_gmt":"2024-04-28T13:56:59","guid":{"rendered":"http:\/\/solidarite-humaine.local\/?page_id=18"},"modified":"2024-05-31T15:52:05","modified_gmt":"2024-05-31T13:52:05","slug":"faire-un-don","status":"publish","type":"page","link":"https:\/\/solidarite-humaine.com\/index.php\/faire-un-don\/","title":{"rendered":"FAIRE UN DON"},"content":{"rendered":"<div class=\"wp-block-image\">\n<figure class=\"aligncenter size-full is-resized has-custom-border\"><img loading=\"lazy\" decoding=\"async\" width=\"940\" height=\"788\" src=\"https:\/\/solidarite-humaine.com\/wp-content\/uploads\/2024\/05\/photo_2024-05-02_15-09-14.jpg\" alt=\"\" class=\"has-border-color wp-image-1152\" style=\"border-color:var(--global-palette6);border-radius:82px;width:575px;height:auto\" srcset=\"https:\/\/solidarite-humaine.com\/wp-content\/uploads\/2024\/05\/photo_2024-05-02_15-09-14.jpg 940w, https:\/\/solidarite-humaine.com\/wp-content\/uploads\/2024\/05\/photo_2024-05-02_15-09-14-300x251.jpg 300w, https:\/\/solidarite-humaine.com\/wp-content\/uploads\/2024\/05\/photo_2024-05-02_15-09-14-768x644.jpg 768w\" sizes=\"auto, (max-width: 940px) 100vw, 940px\" \/><\/figure>\n<\/div>\n\n\n<h2 class=\"wp-block-heading\"><strong>Aide financi\u00e8re&nbsp;:<\/strong><\/h2>\n\n\n\n<p>\u00ab&nbsp;Alexandra a tr\u00e8s peu de revenus, elle n\u2019arrive pas \u00e0 payer sa facture d\u2019\u00e9lectricit\u00e9 de 200\u20ac&nbsp;: l\u2019AH2020 a pris \u00e0 sa charge ce montant&nbsp;\u00bb.<\/p>\n\n\n\n<p>\u00ab&nbsp;Olivier a d\u00fb arr\u00eater de travailler suite \u00e0 des soucis de sant\u00e9, il n\u2019arrive pas \u00e0 payer sa facture d\u2019\u00e9lectricit\u00e9 et ses charges locatives de 300\u20ac&nbsp;: l\u2019AH2020 lui a vers\u00e9 ce montant&nbsp;\u00bb.<\/p>\n\n\n\n<p class=\"has-theme-palette-3-color has-theme-palette-9-background-color has-text-color has-background has-link-color wp-elements-a0013d8762437dd1e19187ec7b802bbf\"><strong>Sans votre aide rien n&rsquo;est possible.<\/strong><\/p>\n\n\n\n<p class=\"has-theme-palette-3-color has-theme-palette-7-background-color has-text-color has-background has-link-color wp-elements-3d0211613634e25d4f19251e3b78b426\">Lien pour nous aider <mark style=\"background-color:rgba(0, 0, 0, 0)\" class=\"has-inline-color has-theme-palette-2-color\">: <\/mark><a href=\"https:\/\/buy.stripe.com\/5kAfZR1ss9JPccE4gt\" data-type=\"link\" data-id=\"https:\/\/buy.stripe.com\/5kAfZR1ss9JPccE4gt\"><mark style=\"background-color:rgba(0, 0, 0, 0)\" class=\"has-inline-color has-theme-palette-2-color\">https:\/\/buy.stripe.com\/5kAfZR1ss9JPccE4gt<\/mark><\/a><\/p>\n","protected":false},"excerpt":{"rendered":"<p>Aide financi\u00e8re&nbsp;: \u00ab&nbsp;Alexandra a tr\u00e8s peu de revenus, elle n\u2019arrive pas \u00e0 payer sa facture d\u2019\u00e9lectricit\u00e9 de 200\u20ac&nbsp;: l\u2019AH2020 a pris \u00e0 sa charge ce montant&nbsp;\u00bb. \u00ab&nbsp;Olivier a d\u00fb arr\u00eater de travailler suite \u00e0 des soucis de sant\u00e9, il n\u2019arrive pas \u00e0 payer sa facture d\u2019\u00e9lectricit\u00e9 et ses charges locatives de 300\u20ac&nbsp;: l\u2019AH2020 lui a&#8230;<\/p>\n","protected":false},"author":5,"featured_media":0,"parent":0,"menu_order":0,"comment_status":"closed","ping_status":"closed","template":"","meta":{"_kadence_starter_templates_imported_post":false,"_kad_post_transparent":"","_kad_post_title":"","_kad_post_layout":"","_kad_post_sidebar_id":"","_kad_post_content_style":"","_kad_post_vertical_padding":"","_kad_post_feature":"","_kad_post_feature_position":"","_kad_post_header":false,"_kad_post_footer":false,"footnotes":""},"class_list":["post-520","page","type-page","status-publish","hentry"],"_links":{"self":[{"href":"https:\/\/solidarite-humaine.com\/index.php\/wp-json\/wp\/v2\/pages\/520","targetHints":{"allow":["GET"]}}],"collection":[{"href":"https:\/\/solidarite-humaine.com\/index.php\/wp-json\/wp\/v2\/pages"}],"about":[{"href":"https:\/\/solidarite-humaine.com\/index.php\/wp-json\/wp\/v2\/types\/page"}],"author":[{"embeddable":true,"href":"https:\/\/solidarite-humaine.com\/index.php\/wp-json\/wp\/v2\/users\/5"}],"replies":[{"embeddable":true,"href":"https:\/\/solidarite-humaine.com\/index.php\/wp-json\/wp\/v2\/comments?post=520"}],"version-history":[{"count":4,"href":"https:\/\/solidarite-humaine.com\/index.php\/wp-json\/wp\/v2\/pages\/520\/revisions"}],"predecessor-version":[{"id":1191,"href":"https:\/\/solidarite-humaine.com\/index.php\/wp-json\/wp\/v2\/pages\/520\/revisions\/1191"}],"wp:attachment":[{"href":"https:\/\/solidarite-humaine.com\/index.php\/wp-json\/wp\/v2\/media?parent=520"}],"curies":[{"name":"wp","href":"https:\/\/api.w.org\/{rel}","templated":true}]}}